{"id":308,"date":"2020-01-13T11:17:52","date_gmt":"2020-01-13T10:17:52","guid":{"rendered":"https:\/\/demosites.io\/web-agency-gb\/?page_id=5"},"modified":"2023-04-11T10:25:53","modified_gmt":"2023-04-11T08:25:53","slug":"accueil","status":"publish","type":"page","link":"https:\/\/datis-conseils.fr\/","title":{"rendered":"Accueil"},"content":{"rendered":"\n<div class=\"wp-block-cover alignfull ticss-46d3ee56\" style=\"min-height:641px;aspect-ratio:unset;\"><span aria-hidden=\"true\" class=\"wp-block-cover__background has-background-dim\"><\/span><img loading=\"lazy\" decoding=\"async\" width=\"2560\" height=\"1280\" class=\"wp-block-cover__image-background wp-image-383\" alt=\"\" src=\"http:\/\/datis-conseils.fr\/wp-content\/uploads\/2023\/01\/waves-scaled.jpg\" style=\"object-position:50% 50%\" data-object-fit=\"cover\" data-object-position=\"50% 50%\" srcset=\"https:\/\/datis-conseils.fr\/wp-content\/uploads\/2023\/01\/waves-scaled.jpg 2560w, https:\/\/datis-conseils.fr\/wp-content\/uploads\/2023\/01\/waves-300x150.jpg 300w, https:\/\/datis-conseils.fr\/wp-content\/uploads\/2023\/01\/waves-1024x512.jpg 1024w, https:\/\/datis-conseils.fr\/wp-content\/uploads\/2023\/01\/waves-768x384.jpg 768w, https:\/\/datis-conseils.fr\/wp-content\/uploads\/2023\/01\/waves-1536x768.jpg 1536w, https:\/\/datis-conseils.fr\/wp-content\/uploads\/2023\/01\/waves-2048x1024.jpg 2048w\" sizes=\"auto, (max-width: 2560px) 100vw, 2560px\" \/><div class=\"wp-block-cover__inner-container is-layout-flow wp-block-cover-is-layout-flow\">\n<div style=\"height:75px\" aria-hidden=\"true\" class=\"wp-block-spacer\"><\/div>\n\n\n\n<h1 class=\"wp-block-heading has-text-align-center has-nv-site-bg-color has-text-color has-large-font-size\"> <mark style=\"background-color:rgba(0, 0, 0, 0)\" class=\"has-inline-color has-nv-light-bg-color\"> Datis Conseils &amp; Solutions<\/mark><\/h1>\n\n\n<div class=\"wp-block-image animated bounceIn delay-200ms \">\n<figure class=\"aligncenter size-large is-resized\"><img loading=\"lazy\" decoding=\"async\" src=\"http:\/\/datis-conseils.fr\/wp-content\/uploads\/2023\/01\/Datis_CS-1024x1012.png\" alt=\"\" class=\"wp-image-13\" width=\"204\" height=\"202\" srcset=\"https:\/\/datis-conseils.fr\/wp-content\/uploads\/2023\/01\/Datis_CS-1024x1012.png 1024w, https:\/\/datis-conseils.fr\/wp-content\/uploads\/2023\/01\/Datis_CS-300x297.png 300w, https:\/\/datis-conseils.fr\/wp-content\/uploads\/2023\/01\/Datis_CS-150x150.png 150w, https:\/\/datis-conseils.fr\/wp-content\/uploads\/2023\/01\/Datis_CS-768x759.png 768w, https:\/\/datis-conseils.fr\/wp-content\/uploads\/2023\/01\/Datis_CS-1536x1518.png 1536w, https:\/\/datis-conseils.fr\/wp-content\/uploads\/2023\/01\/Datis_CS.png 1647w\" sizes=\"auto, (max-width: 204px) 100vw, 204px\" \/><\/figure>\n<\/div>\n\n\n<div style=\"height:12px\" aria-hidden=\"true\" class=\"wp-block-spacer\"><\/div>\n\n\n\n<p class=\"has-text-align-center has-nv-site-bg-color has-text-color\" style=\"font-size:25px\"><strong>Votre expert en tra\u00e7abilit\u00e9.<\/strong><\/p>\n\n\n\n<div class=\"wp-block-buttons is-horizontal is-content-justification-center is-layout-flex wp-container-core-buttons-is-layout-499968f5 wp-block-buttons-is-layout-flex\">\n<div class=\"wp-block-button has-custom-width wp-block-button__width-75 is-style-primary ticss-82c8422f\"><a class=\"wp-block-button__link wp-element-button\" href=\"https:\/\/datis-conseils.fr\/index.php\/contact\/\">NOUS CONTACTER<\/a><\/div>\n<\/div>\n<\/div><\/div>\n\n\n\n<div style=\"height:27px\" aria-hidden=\"true\" class=\"wp-block-spacer\"><\/div>\n\n\n\n<div class=\"wp-block-columns is-layout-flex wp-container-core-columns-is-layout-9d6595d7 wp-block-columns-is-layout-flex\">\n<div class=\"wp-block-column animated bounceIn delay-200ms is-layout-flow wp-block-column-is-layout-flow\"><div class=\"wp-block-image icon-style is-style-rounded\">\n<figure class=\"aligncenter size-full is-resized\"><img loading=\"lazy\" decoding=\"async\" src=\"http:\/\/datis-conseils.fr\/wp-content\/uploads\/2023\/01\/path4553.png\" alt=\"\" class=\"wp-image-402\" width=\"100\" height=\"100\" title=\"\"\/><\/figure>\n<\/div>\n\n\n<h3 class=\"wp-block-heading has-text-align-center has-neve-text-color-color has-text-color\">R\u00e9activit\u00e9<\/h3>\n\n\n\n<p class=\"has-text-align-center\">Nos sp\u00e9cialistes \u00e0 votre disposition du lundi au vendredi, de 08h00 \u00e0 18h30.<\/p>\n\n\n\n<div style=\"height:20px\" aria-hidden=\"true\" class=\"wp-block-spacer\"><\/div>\n<\/div>\n\n\n\n<div class=\"wp-block-column animated bounceIn delay-200ms is-layout-flow wp-block-column-is-layout-flow\"><div class=\"wp-block-image icon-style is-style-rounded\">\n<figure class=\"aligncenter size-large is-resized\"><img loading=\"lazy\" decoding=\"async\" src=\"http:\/\/datis-conseils.fr\/wp-content\/uploads\/2023\/01\/path4551-1024x1002.png\" alt=\"\" class=\"wp-image-401\" width=\"100\" height=\"100\"\/><\/figure>\n<\/div>\n\n\n<h3 class=\"wp-block-heading has-text-align-center has-neve-text-color-color has-text-color\">\u00c9tude de projets<\/h3>\n\n\n\n<p class=\"has-text-align-center\">\u00c9tiquetage, acquisition de donn\u00e9es, automatisation de process d&rsquo;impression. \u00c9tude rapide et pr\u00e9cise.<\/p>\n\n\n\n<div style=\"height:20px\" aria-hidden=\"true\" class=\"wp-block-spacer\"><\/div>\n<\/div>\n\n\n\n<div class=\"wp-block-column animated bounceIn delay-200ms is-layout-flow wp-block-column-is-layout-flow\"><div class=\"wp-block-image icon-style is-style-rounded\">\n<figure class=\"aligncenter size-large is-resized\"><img loading=\"lazy\" decoding=\"async\" src=\"http:\/\/datis-conseils.fr\/wp-content\/uploads\/2023\/01\/path4555-1024x1003.png\" alt=\"\" class=\"wp-image-400\" width=\"100\" height=\"100\"\/><\/figure>\n<\/div>\n\n\n<h3 class=\"wp-block-heading has-text-align-center has-neve-text-color-color has-text-color\">Conseils<\/h3>\n\n\n\n<p class=\"has-text-align-center\">Des interlocuteurs avec une vision globale des diff\u00e9rentes probl\u00e9matiques li\u00e9es \u00e0 la tra\u00e7abilit\u00e9 \u00e0 votre service. <\/p>\n\n\n\n<div style=\"height:20px\" aria-hidden=\"true\" class=\"wp-block-spacer\"><\/div>\n<\/div>\n<\/div>\n\n\n\n<div class=\"wp-block-cover alignwide\" style=\"min-height:600px;aspect-ratio:unset;\"><span aria-hidden=\"true\" class=\"wp-block-cover__background has-nv-light-bg-background-color has-background-dim-100 has-background-dim\"><\/span><div class=\"wp-block-cover__inner-container is-layout-flow wp-block-cover-is-layout-flow\">\n<div class=\"wp-block-group\"><div class=\"wp-block-group__inner-container is-layout-flow wp-block-group-is-layout-flow\">\n<div class=\"wp-block-columns are-vertically-aligned-center is-layout-flex wp-container-core-columns-is-layout-9d6595d7 wp-block-columns-is-layout-flex\">\n<div class=\"wp-block-column is-vertically-aligned-center is-layout-flow wp-block-column-is-layout-flow\" style=\"flex-basis:70%\">\n<div id=\"wp-block-themeisle-blocks-slider-64e8b84c\" class=\"wp-block-themeisle-blocks-slider glide\" data-per-view=\"1\" data-gap=\"0\" data-peek=\"0\" data-autoplay=\"4000\" data-height=\"400px\" data-hide-arrows=\"false\"><div class=\"glide__track\" data-glide-el=\"track\"><div class=\"glide__slides\"><div class=\"wp-block-themeisle-blocks-slider-item-wrapper glide__slide\" tabindex=\"0\"><figure><img decoding=\"async\" class=\"wp-block-themeisle-blocks-slider-item\" src=\"http:\/\/datis-conseils.fr\/wp-content\/uploads\/2023\/01\/1599012004642.jpg\" alt=\"\" title=\"\" data-id=\"491\"\/><\/figure><\/div><div class=\"wp-block-themeisle-blocks-slider-item-wrapper glide__slide\" tabindex=\"0\"><figure><img decoding=\"async\" class=\"wp-block-themeisle-blocks-slider-item\" src=\"http:\/\/datis-conseils.fr\/wp-content\/uploads\/2023\/01\/zt6203.png\" alt=\"\" title=\"\" data-id=\"503\"\/><\/figure><\/div><div class=\"wp-block-themeisle-blocks-slider-item-wrapper glide__slide\" tabindex=\"0\"><figure><img decoding=\"async\" class=\"wp-block-themeisle-blocks-slider-item\" src=\"http:\/\/datis-conseils.fr\/wp-content\/uploads\/2023\/01\/zd620t-product-photography-group.png\" alt=\"\" title=\"\" data-id=\"501\"\/><\/figure><\/div><div class=\"wp-block-themeisle-blocks-slider-item-wrapper glide__slide\" tabindex=\"0\"><figure><img decoding=\"async\" class=\"wp-block-themeisle-blocks-slider-item\" src=\"http:\/\/datis-conseils.fr\/wp-content\/uploads\/2023\/01\/Zebra-printer-overview.png\" alt=\"\" title=\"\" data-id=\"490\"\/><\/figure><\/div><div class=\"wp-block-themeisle-blocks-slider-item-wrapper glide__slide\" tabindex=\"0\"><figure><img decoding=\"async\" class=\"wp-block-themeisle-blocks-slider-item\" src=\"http:\/\/datis-conseils.fr\/wp-content\/uploads\/2023\/01\/imprimante-thermique-sato-cl4nx-large-out01.jpg\" alt=\"\" title=\"\" data-id=\"620\"\/><\/figure><\/div><\/div><div class=\"glide__bullets\" data-glide-el=\"controls[nav]\"><button class=\"glide__bullet\" data-glide-dir=\"=0\"><\/button><button class=\"glide__bullet\" data-glide-dir=\"=1\"><\/button><button class=\"glide__bullet\" data-glide-dir=\"=2\"><\/button><button class=\"glide__bullet\" data-glide-dir=\"=3\"><\/button><button class=\"glide__bullet\" data-glide-dir=\"=4\"><\/button><\/div><\/div><\/div>\n<\/div>\n\n\n\n<div class=\"wp-block-column is-vertically-aligned-center is-layout-flow wp-block-column-is-layout-flow\" style=\"flex-basis:50%\">\n<div style=\"height:20px\" aria-hidden=\"true\" class=\"wp-block-spacer\"><\/div>\n\n\n\n<h2 class=\"wp-block-heading has-text-align-left has-neve-text-color-color has-text-color has-large-font-size\">Imprimantes Thermiques<\/h2>\n\n\n\n<p class=\"has-text-align-left has-neve-text-color-color has-text-color\" style=\"font-size:17px\">Imprimantes thermiques de bureau toutes gammes. Installation et formation dans vos locaux, maintenances pr\u00e9ventives et curatives en atelier ou sur site.<\/p>\n\n\n\n<div class=\"wp-block-buttons is-horizontal is-content-justification-center is-layout-flex wp-container-core-buttons-is-layout-499968f5 wp-block-buttons-is-layout-flex\">\n<div class=\"wp-block-button is-style-primary animated bounceIn delay-200ms\"><a class=\"wp-block-button__link wp-element-button\" href=\"https:\/\/datis-conseils.fr\/index.php\/imprimantes-thermiques\/\">En savoir plus<\/a><\/div>\n<\/div>\n<\/div>\n<\/div>\n<\/div><\/div>\n<\/div><\/div>\n\n\n\n<div class=\"wp-block-cover alignwide has-medium-font-size\" style=\"min-height:646px;aspect-ratio:unset;\"><span aria-hidden=\"true\" class=\"wp-block-cover__background has-nv-site-bg-background-color has-background-dim-100 has-background-dim\"><\/span><div class=\"wp-block-cover__inner-container is-layout-flow wp-block-cover-is-layout-flow\">\n<div class=\"wp-block-group\"><div class=\"wp-block-group__inner-container is-layout-flow wp-block-group-is-layout-flow\">\n<div style=\"height:72px\" aria-hidden=\"true\" class=\"wp-block-spacer\"><\/div>\n\n\n\n<div class=\"wp-block-columns are-vertically-aligned-center is-layout-flex wp-container-core-columns-is-layout-9d6595d7 wp-block-columns-is-layout-flex\">\n<div class=\"wp-block-column is-vertically-aligned-center is-layout-flow wp-block-column-is-layout-flow\" style=\"flex-basis:50%\">\n<h2 class=\"wp-block-heading has-text-align-left has-neve-text-color-color has-text-color has-large-font-size\">Acquisition de donn\u00e9es &amp; solutions de mobilit\u00e9<\/h2>\n\n\n\n<p class=\"has-text-align-left has-neve-text-color-color has-text-color\" style=\"font-size:17px\">Lecteurs de code-barres, terminaux mobiles, tablettes et autres accessoires.<\/p>\n\n\n\n<div class=\"wp-block-buttons is-horizontal is-content-justification-center is-layout-flex wp-container-core-buttons-is-layout-499968f5 wp-block-buttons-is-layout-flex\">\n<div class=\"wp-block-button is-style-primary animated bounceIn delay-200ms\"><a class=\"wp-block-button__link wp-element-button\" href=\"https:\/\/datis-conseils.fr\/index.php\/lecteurs-terminaux-mobiles\/\">En savoir plus<\/a><\/div>\n<\/div>\n\n\n\n<div style=\"height:40px\" aria-hidden=\"true\" class=\"wp-block-spacer\"><\/div>\n<\/div>\n\n\n\n<div class=\"wp-block-column is-vertically-aligned-center is-layout-flow wp-block-column-is-layout-flow\" style=\"flex-basis:70%\">\n<div id=\"wp-block-themeisle-blocks-slider-14506d8b\" class=\"wp-block-themeisle-blocks-slider glide\" data-per-view=\"1\" data-gap=\"0\" data-peek=\"0\" data-autoplay=\"4000\" data-height=\"400px\" data-hide-arrows=\"false\"><div class=\"glide__track\" data-glide-el=\"track\"><div class=\"glide__slides\"><div class=\"wp-block-themeisle-blocks-slider-item-wrapper glide__slide\" tabindex=\"0\"><figure><img decoding=\"async\" class=\"wp-block-themeisle-blocks-slider-item\" src=\"http:\/\/datis-conseils.fr\/wp-content\/uploads\/2023\/01\/image-1.jpg\" alt=\"\" title=\"\" data-id=\"537\"\/><\/figure><\/div><div class=\"wp-block-themeisle-blocks-slider-item-wrapper glide__slide\" tabindex=\"0\"><figure><img decoding=\"async\" class=\"wp-block-themeisle-blocks-slider-item\" src=\"http:\/\/datis-conseils.fr\/wp-content\/uploads\/2023\/01\/image.jpg\" alt=\"\" title=\"\" data-id=\"488\"\/><\/figure><\/div><div class=\"wp-block-themeisle-blocks-slider-item-wrapper glide__slide\" tabindex=\"0\"><figure><img decoding=\"async\" class=\"wp-block-themeisle-blocks-slider-item\" src=\"http:\/\/datis-conseils.fr\/wp-content\/uploads\/2023\/01\/6fae369548816bf406240331536644fa.jpg\" alt=\"\" title=\"\" data-id=\"538\"\/><\/figure><\/div><div class=\"wp-block-themeisle-blocks-slider-item-wrapper glide__slide\" tabindex=\"0\"><figure><img decoding=\"async\" class=\"wp-block-themeisle-blocks-slider-item\" src=\"http:\/\/datis-conseils.fr\/wp-content\/uploads\/2023\/01\/1668158362003.jpg\" alt=\"\" title=\"\" data-id=\"489\"\/><\/figure><\/div><\/div><div class=\"glide__bullets\" data-glide-el=\"controls[nav]\"><button class=\"glide__bullet\" data-glide-dir=\"=0\"><\/button><button class=\"glide__bullet\" data-glide-dir=\"=1\"><\/button><button class=\"glide__bullet\" data-glide-dir=\"=2\"><\/button><button class=\"glide__bullet\" data-glide-dir=\"=3\"><\/button><\/div><\/div><\/div>\n<\/div>\n<\/div>\n\n\n\n<div style=\"height:0px\" aria-hidden=\"true\" class=\"wp-block-spacer\"><\/div>\n<\/div><\/div>\n<\/div><\/div>\n\n\n\n<div class=\"wp-block-cover alignwide\" style=\"min-height:600px;aspect-ratio:unset;\"><span aria-hidden=\"true\" class=\"wp-block-cover__background has-nv-light-bg-background-color has-background-dim-100 has-background-dim\"><\/span><div class=\"wp-block-cover__inner-container is-layout-flow wp-block-cover-is-layout-flow\">\n<div class=\"wp-block-group\"><div class=\"wp-block-group__inner-container is-layout-flow wp-block-group-is-layout-flow\">\n<div style=\"height:80px\" aria-hidden=\"true\" class=\"wp-block-spacer\"><\/div>\n\n\n\n<div class=\"wp-block-columns are-vertically-aligned-center is-layout-flex wp-container-core-columns-is-layout-9d6595d7 wp-block-columns-is-layout-flex\">\n<div class=\"wp-block-column is-vertically-aligned-center is-layout-flow wp-block-column-is-layout-flow\" style=\"flex-basis:70%\">\n<div id=\"wp-block-themeisle-blocks-slider-67520546\" class=\"wp-block-themeisle-blocks-slider glide\" data-per-view=\"1\" data-gap=\"0\" data-peek=\"0\" data-autoplay=\"4000\" data-height=\"400px\" data-hide-arrows=\"false\"><div class=\"glide__track\" data-glide-el=\"track\"><div class=\"glide__slides\"><div class=\"wp-block-themeisle-blocks-slider-item-wrapper glide__slide\" tabindex=\"0\"><figure><img decoding=\"async\" class=\"wp-block-themeisle-blocks-slider-item\" src=\"http:\/\/datis-conseils.fr\/wp-content\/uploads\/2023\/01\/APS-DX-My17.jpg\" alt=\"\" title=\"\" data-id=\"485\"\/><\/figure><\/div><div class=\"wp-block-themeisle-blocks-slider-item-wrapper glide__slide\" tabindex=\"0\"><figure><img decoding=\"async\" class=\"wp-block-themeisle-blocks-slider-item\" src=\"http:\/\/datis-conseils.fr\/wp-content\/uploads\/2023\/01\/Serie-AD-scaled.jpg\" alt=\"\" title=\"\" data-id=\"483\"\/><\/figure><\/div><div class=\"wp-block-themeisle-blocks-slider-item-wrapper glide__slide\" tabindex=\"0\"><figure><img decoding=\"async\" class=\"wp-block-themeisle-blocks-slider-item\" src=\"http:\/\/datis-conseils.fr\/wp-content\/uploads\/2023\/01\/T101-PN-SX_my11-scaled.jpg\" alt=\"\" title=\"\" data-id=\"482\"\/><\/figure><\/div><div class=\"wp-block-themeisle-blocks-slider-item-wrapper glide__slide\" tabindex=\"0\"><figure><img decoding=\"async\" class=\"wp-block-themeisle-blocks-slider-item\" src=\"http:\/\/datis-conseils.fr\/wp-content\/uploads\/2023\/01\/5004-E-APS-scaled.jpg\" alt=\"\" title=\"\" data-id=\"486\"\/><\/figure><\/div><div class=\"wp-block-themeisle-blocks-slider-item-wrapper glide__slide\" tabindex=\"0\"><figure><img decoding=\"async\" class=\"wp-block-themeisle-blocks-slider-item\" src=\"http:\/\/datis-conseils.fr\/wp-content\/uploads\/2023\/01\/APT-R.jpg\" alt=\"\" title=\"\" data-id=\"487\"\/><\/figure><\/div><div class=\"wp-block-themeisle-blocks-slider-item-wrapper glide__slide\" tabindex=\"0\"><figure><img decoding=\"async\" class=\"wp-block-themeisle-blocks-slider-item\" src=\"http:\/\/datis-conseils.fr\/wp-content\/uploads\/2023\/01\/APS.jpg\" alt=\"\" title=\"\" data-id=\"484\"\/><\/figure><\/div><\/div><div class=\"glide__bullets\" data-glide-el=\"controls[nav]\"><button class=\"glide__bullet\" data-glide-dir=\"=0\"><\/button><button class=\"glide__bullet\" data-glide-dir=\"=1\"><\/button><button class=\"glide__bullet\" data-glide-dir=\"=2\"><\/button><button class=\"glide__bullet\" data-glide-dir=\"=3\"><\/button><button class=\"glide__bullet\" data-glide-dir=\"=4\"><\/button><button class=\"glide__bullet\" data-glide-dir=\"=5\"><\/button><\/div><\/div><\/div>\n<\/div>\n\n\n\n<div class=\"wp-block-column is-vertically-aligned-center is-layout-flow wp-block-column-is-layout-flow\" style=\"flex-basis:50%\">\n<div style=\"height:40px\" aria-hidden=\"true\" class=\"wp-block-spacer\"><\/div>\n\n\n\n<h2 class=\"wp-block-heading has-text-align-left has-neve-text-color-color has-text-color has-large-font-size\">\u00c9tiquetage automatique sur ligne de production<\/h2>\n\n\n\n<p class=\"has-text-align-left has-neve-text-color-color has-text-color\" style=\"font-size:17px\">De la pose simple d&rsquo;\u00e9tiquettes pr\u00e9-imprim\u00e9es \u00e0 l&rsquo;impression\/pose, nous proposons une large gamme de produits pouvant r\u00e9pondre \u00e0 tous vos projets.<\/p>\n\n\n\n<div class=\"wp-block-buttons is-horizontal is-content-justification-center is-layout-flex wp-container-core-buttons-is-layout-499968f5 wp-block-buttons-is-layout-flex\">\n<div class=\"wp-block-button is-style-primary animated bounceIn delay-200ms\"><a class=\"wp-block-button__link wp-element-button\" href=\"http:\/\/datis-conseils.fr\/index.php\/systemes-detiquetage-automatises\/\">En savoir plus<\/a><\/div>\n<\/div>\n<\/div>\n<\/div>\n\n\n\n<div style=\"height:50px\" aria-hidden=\"true\" class=\"wp-block-spacer\"><\/div>\n<\/div><\/div>\n<\/div><\/div>\n\n\n\n<div class=\"wp-block-cover alignwide ticss-ee73bcd2 has-medium-font-size\" style=\"min-height:603px;aspect-ratio:unset;\"><span aria-hidden=\"true\" class=\"wp-block-cover__background has-nv-site-bg-background-color has-background-dim-100 has-background-dim\"><\/span><div class=\"wp-block-cover__inner-container is-layout-flow wp-block-cover-is-layout-flow\">\n<div class=\"wp-block-group\"><div class=\"wp-block-group__inner-container is-layout-flow wp-block-group-is-layout-flow\">\n<div style=\"height:38px\" aria-hidden=\"true\" class=\"wp-block-spacer\"><\/div>\n\n\n\n<div class=\"wp-block-columns are-vertically-aligned-center ticss-2ebe5b20 is-layout-flex wp-container-core-columns-is-layout-9d6595d7 wp-block-columns-is-layout-flex\">\n<div class=\"wp-block-column is-vertically-aligned-center is-layout-flow wp-block-column-is-layout-flow\" style=\"flex-basis:50%\">\n<h2 class=\"wp-block-heading has-text-align-left has-neve-text-color-color has-text-color has-large-font-size\">Logiciels d&rsquo;impression &amp; d\u00e9veloppements sp\u00e9cifiques<\/h2>\n\n\n\n<p class=\"has-text-align-left has-neve-text-color-color has-text-color\" style=\"font-size:17px\">Int\u00e9gration de logiciels d&rsquo;impression, d\u00e9veloppement de programmes sp\u00e9cifiques en lien avec l&rsquo;\u00e9tiquetage et la tra\u00e7abilit\u00e9. <\/p>\n\n\n\n<div class=\"wp-block-buttons is-horizontal is-content-justification-center is-layout-flex wp-container-core-buttons-is-layout-499968f5 wp-block-buttons-is-layout-flex\">\n<div class=\"wp-block-button is-style-primary animated bounceIn delay-200ms\"><a class=\"wp-block-button__link wp-element-button\" href=\"http:\/\/datis-conseils.fr\/index.php\/logiciels-dimpression\/\">En savoir plus<\/a><\/div>\n<\/div>\n\n\n\n<div style=\"height:40px\" aria-hidden=\"true\" class=\"wp-block-spacer\"><\/div>\n<\/div>\n\n\n\n<div class=\"wp-block-column is-vertically-aligned-center is-layout-flow wp-block-column-is-layout-flow\" style=\"flex-basis:70%\">\n<figure class=\"wp-block-image size-large is-resized p { \u00a0\u00a0margin-top: 100px; \u00a0\u00a0margin-bottom: \u00a0\u00a0margin-right: 150px; \u00a0\u00a0margin-left: 80px; }\"><img loading=\"lazy\" decoding=\"async\" src=\"http:\/\/datis-conseils.fr\/wp-content\/uploads\/2023\/04\/PathForward-scaled-1-1024x756.jpg\" alt=\"\" class=\"wp-image-998\" width=\"555\" height=\"409\" srcset=\"https:\/\/datis-conseils.fr\/wp-content\/uploads\/2023\/04\/PathForward-scaled-1-1024x756.jpg 1024w, https:\/\/datis-conseils.fr\/wp-content\/uploads\/2023\/04\/PathForward-scaled-1-300x221.jpg 300w, https:\/\/datis-conseils.fr\/wp-content\/uploads\/2023\/04\/PathForward-scaled-1-768x567.jpg 768w, https:\/\/datis-conseils.fr\/wp-content\/uploads\/2023\/04\/PathForward-scaled-1-1536x1134.jpg 1536w, https:\/\/datis-conseils.fr\/wp-content\/uploads\/2023\/04\/PathForward-scaled-1-2048x1512.jpg 2048w\" sizes=\"auto, (max-width: 555px) 100vw, 555px\" \/><\/figure>\n<\/div>\n<\/div>\n\n\n\n<div style=\"height:0px\" aria-hidden=\"true\" class=\"wp-block-spacer\"><\/div>\n<\/div><\/div>\n<\/div><\/div>\n\n\n\n<div class=\"wp-block-cover alignfull\" style=\"min-height:166px;aspect-ratio:unset;\"><span aria-hidden=\"true\" class=\"wp-block-cover__background has-nv-dark-bg-background-color has-background-dim-100 has-background-dim\"><\/span><div class=\"wp-block-cover__inner-container is-layout-flow wp-block-cover-is-layout-flow\">\n<h2 class=\"wp-block-heading has-text-align-center has-nv-text-dark-bg-color has-text-color has-large-font-size\">Vous avez un projet ? <\/h2>\n\n\n\n<div class=\"wp-block-buttons is-horizontal is-content-justification-center is-layout-flex wp-container-core-buttons-is-layout-499968f5 wp-block-buttons-is-layout-flex\">\n<div class=\"wp-block-button is-style-primary\"><a class=\"wp-block-button__link wp-element-button\" href=\"https:\/\/datis-conseils.fr\/index.php\/contact\/\" target=\"_blank\" rel=\"noreferrer noopener\">Contactez-nous !<\/a><\/div>\n<\/div>\n<\/div><\/div>\n","protected":false},"excerpt":{"rendered":"<p>R\u00e9activit\u00e9 Nos sp\u00e9cialistes \u00e0 votre disposition du lundi au vendredi, de 08h00 \u00e0 18h30. \u00c9tude de projets \u00c9tiquetage, acquisition de donn\u00e9es, automatisation de process d&rsquo;impression. \u00c9tude rapide et pr\u00e9cise. Conseils Des interlocuteurs avec une vision globale des diff\u00e9rentes probl\u00e9matiques li\u00e9es \u00e0 la tra\u00e7abilit\u00e9 \u00e0 votre service.<\/p>\n","protected":false},"author":2,"featured_media":0,"parent":0,"menu_order":0,"comment_status":"closed","ping_status":"closed","template":"","meta":{"neve_meta_sidebar":"default","neve_meta_container":"default","neve_meta_enable_content_width":"on","neve_meta_content_width":100,"neve_meta_title_alignment":"","neve_meta_author_avatar":"","neve_post_elements_order":"","neve_meta_disable_header":"","neve_meta_disable_footer":"","neve_meta_disable_title":"on","_themeisle_gutenberg_block_has_review":false,"footnotes":""},"class_list":["post-308","page","type-page","status-publish","hentry"],"_links":{"self":[{"href":"https:\/\/datis-conseils.fr\/index.php\/wp-json\/wp\/v2\/pages\/308","targetHints":{"allow":["GET"]}}],"collection":[{"href":"https:\/\/datis-conseils.fr\/index.php\/wp-json\/wp\/v2\/pages"}],"about":[{"href":"https:\/\/datis-conseils.fr\/index.php\/wp-json\/wp\/v2\/types\/page"}],"author":[{"embeddable":true,"href":"https:\/\/datis-conseils.fr\/index.php\/wp-json\/wp\/v2\/users\/2"}],"replies":[{"embeddable":true,"href":"https:\/\/datis-conseils.fr\/index.php\/wp-json\/wp\/v2\/comments?post=308"}],"version-history":[{"count":130,"href":"https:\/\/datis-conseils.fr\/index.php\/wp-json\/wp\/v2\/pages\/308\/revisions"}],"predecessor-version":[{"id":1000,"href":"https:\/\/datis-conseils.fr\/index.php\/wp-json\/wp\/v2\/pages\/308\/revisions\/1000"}],"wp:attachment":[{"href":"https:\/\/datis-conseils.fr\/index.php\/wp-json\/wp\/v2\/media?parent=308"}],"curies":[{"name":"wp","href":"https:\/\/api.w.org\/{rel}","templated":true}]}}