{"id":61,"date":"2020-01-23T18:21:52","date_gmt":"2020-01-23T17:21:52","guid":{"rendered":"https:\/\/demosites.io\/web-agency-gb\/?page_id=61"},"modified":"2025-05-16T08:44:37","modified_gmt":"2025-05-16T06:44:37","slug":"about","status":"publish","type":"page","link":"https:\/\/datis-conseils.fr\/index.php\/about\/","title":{"rendered":"Qui sommes nous ?"},"content":{"rendered":"\n<div class=\"wp-block-cover alignfull\" style=\"min-height:518px;aspect-ratio:unset;\"><span aria-hidden=\"true\" class=\"wp-block-cover__background has-nv-site-bg-background-color has-background-dim-100 has-background-dim\"><\/span><div class=\"wp-block-cover__inner-container is-layout-flow wp-block-cover-is-layout-flow\">\n<div class=\"wp-block-group\"><div class=\"wp-block-group__inner-container is-layout-flow wp-block-group-is-layout-flow\">\n<h2 class=\"wp-block-heading has-neve-link-color-color has-text-color\">Qui sommes nous ?<mark style=\"background-color:rgba(0, 0, 0, 0)\" class=\"has-inline-color has-neve-link-hover-color-color\"><\/mark><\/h2>\n\n\n\n<p class=\"has-neve-text-color-color has-text-color\"><strong><mark style=\"background-color:rgba(0, 0, 0, 0)\" class=\"has-inline-color has-neve-link-color-color\">DATIS Conseils et Solutions<\/mark><\/strong> est le fruit de la fusion entre <strong><mark style=\"background-color:rgba(0, 0, 0, 0)\" class=\"has-inline-color has-neve-link-color-color\">DATIS Solutions<\/mark><\/strong> et <strong><mark style=\"background-color:rgba(0, 0, 0, 0)\" class=\"has-inline-color has-neve-link-color-color\">PLV Conseils<\/mark><\/strong>.<br>Deux parcours diff\u00e9rents, une m\u00eame vision : entreprendre, innover et accompagner.<br>D\u2019un c\u00f4t\u00e9, l\u2019envie de prendre son envol. De l\u2019autre, un nouveau d\u00e9part apr\u00e8s 25 ann\u00e9es consacr\u00e9es au secteur du marquage et de l\u2019\u00e9tiquetage.<\/p>\n\n\n\n<h2 class=\"wp-block-heading has-neve-link-color-color has-text-color\">Une aventure n\u00e9e de la passion<\/h2>\n\n\n\n<p class=\"has-text-align-left has-neve-text-color-color has-text-color\">Tout commence fin 2019. Chacun de notre c\u00f4t\u00e9, nous r\u00e9fl\u00e9chissons \u00e0 cr\u00e9er notre propre activit\u00e9.<br>D\u00e9but 2020, les projets deviennent concrets : <strong><mark style=\"background-color:rgba(0, 0, 0, 0)\" class=\"has-inline-color has-neve-link-color-color\">DATIS Solutions<\/mark><\/strong> et <mark style=\"background-color:rgba(0, 0, 0, 0)\" class=\"has-inline-color has-neve-link-color-color\"><strong>PLV Conseils<\/strong> <\/mark>voient le jour.<br>Mais tr\u00e8s vite, la crise sanitaire vient bouleverser nos plans. Confinement, incertitudes\u2026 Nos r\u00eaves semblent mis entre parenth\u00e8ses.<\/p>\n\n\n\n<p class=\"has-neve-text-color-color has-text-color\">Et pourtant, nous tenons bon. Port\u00e9s par notre passion pour l\u2019informatique, nous profitons de cette p\u00e9riode difficile pour d\u00e9velopper nos outils, affiner nos id\u00e9es et construire les bases solides de nos futures solutions. Nous en profitons aussi pour tisser un r\u00e9seau de partenaires de confiance.<\/p>\n\n\n\n<h2 class=\"wp-block-heading has-neve-link-color-color has-text-color\">Une rencontre d\u00e9terminante<\/h2>\n\n\n\n<p class=\"has-neve-text-color-color has-text-color\">C\u2019est l\u2019un de ces partenaires qui nous met en relation, convaincu que nos comp\u00e9tences sont compl\u00e9mentaires.<br>Il ne s\u2019est pas tromp\u00e9 \u2013 et nous lui en sommes reconnaissants.<\/p>\n\n\n\n<p class=\"has-neve-text-color-color has-text-color\">Peu \u00e0 peu, l\u2019id\u00e9e de collaborer s\u2019impose. Nos expertises se compl\u00e8tent naturellement, comme les pi\u00e8ces d\u2019un puzzle.<br>D\u2019un c\u00f4t\u00e9 : 9 ans d\u2019exp\u00e9rience \u00e0 forte dominante technique dans les domaines de l\u2019\u00e9tiquetage, du jet d\u2019encre, des progiciels d\u2019\u00e9tiquetage et du d\u00e9veloppement d\u2019outils de tra\u00e7abilit\u00e9.<br>De l\u2019autre : 25 ans d\u2019exp\u00e9rience en tant que technico-commercial, dont 12 ans comme responsable technique et 13 ans comme commercial r\u00e9gional, avec une sp\u00e9cialisation dans les syst\u00e8mes de marquage sur lignes de production (impression-pose, poseuses, etc.).<\/p>\n\n\n\n<blockquote class=\"wp-block-quote is-layout-flow wp-block-quote-is-layout-flow\">\n<h2 class=\"wp-block-heading alignwide\" id=\"we-re-a-studio-in-berlin-with-an-international-practice-in-architecture-urban-planning-and-interior-design-we-believe-in-sharing-knowledge-and-promoting-dialogue-to-increase-the-creative-potential-of-collaboration\" style=\"font-size:48px;line-height:1.1\"><strong><mark style=\"background-color:rgba(0, 0, 0, 0)\" class=\"has-inline-color has-neve-link-color-color\"><span class=\"highlight\">Une union qui a du sens<\/span><\/mark><\/strong><\/h2>\n<\/blockquote>\n\n\n\n<p class=\"has-neve-text-color-color has-text-color has-link-color wp-elements-1d507aaba9a2566da3194cfc27fd7343\">Le 1er avril 2023, <strong><mark style=\"background-color:rgba(0, 0, 0, 0)\" class=\"has-inline-color has-neve-link-color-color\">DATIS Conseils et Solutions<\/mark><\/strong> voit officiellement le jour.<br>Notre mission est claire : <strong><mark style=\"background-color:rgba(0, 0, 0, 0)\" class=\"has-inline-color has-neve-link-color-color\">mettre notre exp\u00e9rience, notre savoir-faire et notre compl\u00e9mentarit\u00e9 au service de nos clients<\/mark><\/strong>.<\/p>\n\n\n\n<p class=\"has-neve-text-color-color has-text-color has-link-color wp-elements-44c9b0210b45250261d76b5c98044c92\">Mais au-del\u00e0 de la technique, notre volont\u00e9 est de rester proches de nos clients, de les \u00e9couter, les conseiller et les accompagner avec des solutions fiables, innovantes et sur mesure.<\/p>\n<\/div><\/div>\n<\/div><\/div>\n\n\n\n<p><\/p>\n","protected":false},"excerpt":{"rendered":"","protected":false},"author":2,"featured_media":0,"parent":0,"menu_order":0,"comment_status":"closed","ping_status":"closed","template":"","meta":{"neve_meta_sidebar":"left","neve_meta_container":"default","neve_meta_enable_content_width":"off","neve_meta_content_width":70,"neve_meta_title_alignment":"left","neve_meta_author_avatar":"","neve_post_elements_order":"","neve_meta_disable_header":"","neve_meta_disable_footer":"","neve_meta_disable_title":"on","_themeisle_gutenberg_block_has_review":false,"footnotes":""},"class_list":["post-61","page","type-page","status-publish","hentry"],"_links":{"self":[{"href":"https:\/\/datis-conseils.fr\/index.php\/wp-json\/wp\/v2\/pages\/61","targetHints":{"allow":["GET"]}}],"collection":[{"href":"https:\/\/datis-conseils.fr\/index.php\/wp-json\/wp\/v2\/pages"}],"about":[{"href":"https:\/\/datis-conseils.fr\/index.php\/wp-json\/wp\/v2\/types\/page"}],"author":[{"embeddable":true,"href":"https:\/\/datis-conseils.fr\/index.php\/wp-json\/wp\/v2\/users\/2"}],"replies":[{"embeddable":true,"href":"https:\/\/datis-conseils.fr\/index.php\/wp-json\/wp\/v2\/comments?post=61"}],"version-history":[{"count":41,"href":"https:\/\/datis-conseils.fr\/index.php\/wp-json\/wp\/v2\/pages\/61\/revisions"}],"predecessor-version":[{"id":1032,"href":"https:\/\/datis-conseils.fr\/index.php\/wp-json\/wp\/v2\/pages\/61\/revisions\/1032"}],"wp:attachment":[{"href":"https:\/\/datis-conseils.fr\/index.php\/wp-json\/wp\/v2\/media?parent=61"}],"curies":[{"name":"wp","href":"https:\/\/api.w.org\/{rel}","templated":true}]}}